{"id":646,"date":"2021-07-04T16:52:52","date_gmt":"2021-07-04T14:52:52","guid":{"rendered":"https:\/\/www.sc1keho2499.universe.wf\/?page_id=646"},"modified":"2023-10-26T02:00:06","modified_gmt":"2023-10-26T00:00:06","slug":"creation-de-bandes-annonces","status":"publish","type":"page","link":"https:\/\/lucasbmasson.com\/en\/creation-de-bandes-annonces\/","title":{"rendered":"Movie trailers"},"content":{"rendered":"","protected":false},"excerpt":{"rendered":"","protected":false},"author":1,"featured_media":0,"parent":0,"menu_order":9,"comment_status":"closed","ping_status":"closed","template":"","meta":{"_acf_changed":false,"_seopress_robots_primary_cat":"","_seopress_titles_title":"Cr\u00e9ation de bandes-annonces %%sep%% %%sitetitle%%","_seopress_titles_desc":"Cr\u00e9ation de bandes-annonces officielles pour longs m\u00e9trages cin\u00e9ma. Lucas B. Masson - R\u00e9alisateur &amp; Monteur.","_seopress_robots_index":"","footnotes":""},"categories":[],"tags":[],"class_list":["post-646","page","type-page","status-publish","hentry"],"acf":[],"_links":{"self":[{"href":"https:\/\/lucasbmasson.com\/en\/wp-json\/wp\/v2\/pages\/646","targetHints":{"allow":["GET"]}}],"collection":[{"href":"https:\/\/lucasbmasson.com\/en\/wp-json\/wp\/v2\/pages"}],"about":[{"href":"https:\/\/lucasbmasson.com\/en\/wp-json\/wp\/v2\/types\/page"}],"author":[{"embeddable":true,"href":"https:\/\/lucasbmasson.com\/en\/wp-json\/wp\/v2\/users\/1"}],"replies":[{"embeddable":true,"href":"https:\/\/lucasbmasson.com\/en\/wp-json\/wp\/v2\/comments?post=646"}],"version-history":[{"count":1,"href":"https:\/\/lucasbmasson.com\/en\/wp-json\/wp\/v2\/pages\/646\/revisions"}],"predecessor-version":[{"id":3535,"href":"https:\/\/lucasbmasson.com\/en\/wp-json\/wp\/v2\/pages\/646\/revisions\/3535"}],"wp:attachment":[{"href":"https:\/\/lucasbmasson.com\/en\/wp-json\/wp\/v2\/media?parent=646"}],"wp:term":[{"taxonomy":"category","embeddable":true,"href":"https:\/\/lucasbmasson.com\/en\/wp-json\/wp\/v2\/categories?post=646"},{"taxonomy":"post_tag","embeddable":true,"href":"https:\/\/lucasbmasson.com\/en\/wp-json\/wp\/v2\/tags?post=646"}],"curies":[{"name":"wp","href":"https:\/\/api.w.org\/{rel}","templated":true}]}}