{"id":643,"date":"2021-07-04T16:51:50","date_gmt":"2021-07-04T14:51:50","guid":{"rendered":"https:\/\/www.sc1keho2499.universe.wf\/?page_id=643"},"modified":"2023-11-25T06:31:17","modified_gmt":"2023-11-25T04:31:17","slug":"accueil","status":"publish","type":"page","link":"https:\/\/lucasbmasson.com\/en\/","title":{"rendered":"Home"},"content":{"rendered":"","protected":false},"excerpt":{"rendered":"","protected":false},"author":1,"featured_media":0,"parent":0,"menu_order":10,"comment_status":"closed","ping_status":"closed","template":"","meta":{"_acf_changed":false,"_seopress_robots_primary_cat":"","_seopress_titles_title":"%%sitetitle%% %%sep%% R\u00e9alisateur &amp; Monteur","_seopress_titles_desc":"R\u00e9alisation de fictions - Cr\u00e9ation de bandes-annonces pour le cin\u00e9ma - Montage de fictions \/ spots publicitaires.","_seopress_robots_index":"","footnotes":""},"categories":[],"tags":[],"class_list":["post-643","page","type-page","status-publish","hentry"],"acf":[],"_links":{"self":[{"href":"https:\/\/lucasbmasson.com\/en\/wp-json\/wp\/v2\/pages\/643","targetHints":{"allow":["GET"]}}],"collection":[{"href":"https:\/\/lucasbmasson.com\/en\/wp-json\/wp\/v2\/pages"}],"about":[{"href":"https:\/\/lucasbmasson.com\/en\/wp-json\/wp\/v2\/types\/page"}],"author":[{"embeddable":true,"href":"https:\/\/lucasbmasson.com\/en\/wp-json\/wp\/v2\/users\/1"}],"replies":[{"embeddable":true,"href":"https:\/\/lucasbmasson.com\/en\/wp-json\/wp\/v2\/comments?post=643"}],"version-history":[{"count":3,"href":"https:\/\/lucasbmasson.com\/en\/wp-json\/wp\/v2\/pages\/643\/revisions"}],"predecessor-version":[{"id":3566,"href":"https:\/\/lucasbmasson.com\/en\/wp-json\/wp\/v2\/pages\/643\/revisions\/3566"}],"wp:attachment":[{"href":"https:\/\/lucasbmasson.com\/en\/wp-json\/wp\/v2\/media?parent=643"}],"wp:term":[{"taxonomy":"category","embeddable":true,"href":"https:\/\/lucasbmasson.com\/en\/wp-json\/wp\/v2\/categories?post=643"},{"taxonomy":"post_tag","embeddable":true,"href":"https:\/\/lucasbmasson.com\/en\/wp-json\/wp\/v2\/tags?post=643"}],"curies":[{"name":"wp","href":"https:\/\/api.w.org\/{rel}","templated":true}]}}